{"id":233,"date":"2021-08-04T21:52:04","date_gmt":"2021-08-05T00:52:04","guid":{"rendered":"http:\/\/wisenergy.com.br\/?page_id=233"},"modified":"2021-08-05T10:00:52","modified_gmt":"2021-08-05T13:00:52","slug":"byron-souza-filho","status":"publish","type":"page","link":"https:\/\/wisenergy.com.br\/en\/byron-souza-filho\/","title":{"rendered":"Byron Souza Filho"},"content":{"rendered":"<p>Byron Souza Filho is a Metallurgical Engineer from the Universidade Federal do Rio de Janeiro (UFRJ -1986); Specialist in O&amp;G Equipment Engineering by Petrobras in 1988; Master of Science from Coppe\/UFRJ in 2001, in the area of Materials Engineering; Specialist in Natural Gas Technologies, by Universidade Federal do Rio Grande do Norte (UFRN-UNP); Specialist in Biogas and Biomethane Technologies, by Centro Internacional de Energias Renov\u00e1veis - Biog\u00e1s (CIBiogas-2020).<\/p>\n\n\n\n<p>He worked for 33 years at Petrobras, having worked as a Maintenance and Inspection Engineer of equipment and structures at an Oil and Gas Unit; Senior Consultant in Pipeline Maintenance and Inspection; Manager of Construction and Assembly Technologies; Equipment Inspection Technologies Manager.<\/p>\n\n\n\n<p>Also at Petrobras, he worked as an internal instructor in the disciplines of Material Selection, Welding, Maintenance and Inspection of Equipment, and as a visiting professor, in several teaching institutes, including: UFF, PUC-Rio, IBP, Senai-RJ CTSold and FAETEC, in the same subjects.<\/p>\n\n\n\n<p>Since his retirement from Petrobras, in Jan\/2020, he has worked as an independent consultant in the implementation of technologies in the Oil and Gas production chain, and in economic feasibility studies for the implementation of alternative energy generation systems, with a focus on Biogas.<\/p>\n\n\n\n<p>Since Jul\/2021, he has been a visiting professor at Universidade cat\u00f3lica de Petr\u00f3polis (UCP\/IPETEC), in the Equipment Inspection discipline.<\/p>","protected":false},"excerpt":{"rendered":"<p>Byron Souza Filho \u00e9 Engenheiro Metal\u00fargico, pela UFRJ em 1986; Especialista em Engenharia de Equipamentos de O&amp;G pela Petrobras em 1988; Mestre em Ci\u00eancias pela Coppe\/UFRJ em 2001, na \u00e1rea de Engenharia de Materiais; Especialista em Tecnologias do G\u00e1s Natural, pela UFRN-UNP;&#8230;<\/p>","protected":false},"author":16,"featured_media":234,"parent":0,"menu_order":0,"comment_status":"closed","ping_status":"closed","template":"","meta":{"om_disable_all_campaigns":false,"_monsterinsights_skip_tracking":false,"_monsterinsights_sitenote_active":false,"_monsterinsights_sitenote_note":"","_monsterinsights_sitenote_category":0,"footnotes":"","_links_to":"","_links_to_target":""},"aioseo_notices":[],"_links":{"self":[{"href":"https:\/\/wisenergy.com.br\/en\/wp-json\/wp\/v2\/pages\/233"}],"collection":[{"href":"https:\/\/wisenergy.com.br\/en\/wp-json\/wp\/v2\/pages"}],"about":[{"href":"https:\/\/wisenergy.com.br\/en\/wp-json\/wp\/v2\/types\/page"}],"author":[{"embeddable":true,"href":"https:\/\/wisenergy.com.br\/en\/wp-json\/wp\/v2\/users\/16"}],"replies":[{"embeddable":true,"href":"https:\/\/wisenergy.com.br\/en\/wp-json\/wp\/v2\/comments?post=233"}],"version-history":[{"count":2,"href":"https:\/\/wisenergy.com.br\/en\/wp-json\/wp\/v2\/pages\/233\/revisions"}],"predecessor-version":[{"id":277,"href":"https:\/\/wisenergy.com.br\/en\/wp-json\/wp\/v2\/pages\/233\/revisions\/277"}],"wp:featuredmedia":[{"embeddable":true,"href":"https:\/\/wisenergy.com.br\/en\/wp-json\/wp\/v2\/media\/234"}],"wp:attachment":[{"href":"https:\/\/wisenergy.com.br\/en\/wp-json\/wp\/v2\/media?parent=233"}],"curies":[{"name":"wp","href":"https:\/\/api.w.org\/{rel}","templated":true}]}}