{"id":196,"date":"2021-08-04T01:06:24","date_gmt":"2021-08-04T04:06:24","guid":{"rendered":"http:\/\/wisenergy.com.br\/?page_id=196"},"modified":"2021-09-06T14:34:11","modified_gmt":"2021-09-06T17:34:11","slug":"farid-shecaira","status":"publish","type":"page","link":"https:\/\/wisenergy.com.br\/en\/farid-shecaira\/","title":{"rendered":"Farid Shecaira"},"content":{"rendered":"<p>Farid Shecaira is a Petroleum Engineer. He worked at Petrobras from 1980 to 2021. He holds a degree in Civil Engineering from USP (1979), an extension course in Petroleum Engineering from Petrobras (1981), a Master&#039;s in Petroleum Engineering from the Federal University of Ouro Preto (1988) and a PhD in Engineering in Petroleum from the University of Texas at Austin (1998). He is currently studying Business Intelligence \u2013 BI \u2013 Data Science at PUC in Rio de Janeiro.<\/p>\n\n\n\n<p>At Petrobras, he held the following positions: Researcher at the Petrobras Research Center (CENPES), Head of the Division of Geology and Reservoir Engineering at CENPES; Technical consultant; Coordinator of the Advanced Oil Recovery Program; Production Development Manager at Petrobras America; Production, Reserves and Reservoirs Manager of the Petrobras International Area, Manager of the Iara and Atapu Pre-Salt mega-projects and General Manager of Research and Development in Exploration and Production at Petrobras R&amp;D Center - CENPES.<\/p>\n\n\n\n<p>He was a postgraduate professor in Petroleum Engineering at PUC-Rio (2000-2014). At the Society of Petroleum Engineers, he was President of the SPE Section Brazil (2012-2014) and director of this institution for several terms. His main contribution at SPE was to coordinate the elaboration and publication of the \u201cCurriculum Proposal for Bachelor's Degree Courses in Petroleum Engineering\u201d.<\/p>","protected":false},"excerpt":{"rendered":"<p>Farid Shecaira \u00e9 Engenheiro de Petr\u00f3leo. Trabalhou na Petrobras de 1980 a 2021. Possui forma\u00e7\u00e3o em Engenharia Civil pela USP (1979), Curso de extens\u00e3o em Engenharia de Petr\u00f3leo pela Petrobras (1981), Mestrado em Engenharia de Petr\u00f3leo pela Universidade Federal de Ouro Preto&#8230;<\/p>","protected":false},"author":16,"featured_media":220,"parent":0,"menu_order":0,"comment_status":"closed","ping_status":"closed","template":"","meta":{"om_disable_all_campaigns":false,"_monsterinsights_skip_tracking":false,"_monsterinsights_sitenote_active":false,"_monsterinsights_sitenote_note":"","_monsterinsights_sitenote_category":0,"footnotes":"","_links_to":"","_links_to_target":""},"aioseo_notices":[],"_links":{"self":[{"href":"https:\/\/wisenergy.com.br\/en\/wp-json\/wp\/v2\/pages\/196"}],"collection":[{"href":"https:\/\/wisenergy.com.br\/en\/wp-json\/wp\/v2\/pages"}],"about":[{"href":"https:\/\/wisenergy.com.br\/en\/wp-json\/wp\/v2\/types\/page"}],"author":[{"embeddable":true,"href":"https:\/\/wisenergy.com.br\/en\/wp-json\/wp\/v2\/users\/16"}],"replies":[{"embeddable":true,"href":"https:\/\/wisenergy.com.br\/en\/wp-json\/wp\/v2\/comments?post=196"}],"version-history":[{"count":4,"href":"https:\/\/wisenergy.com.br\/en\/wp-json\/wp\/v2\/pages\/196\/revisions"}],"predecessor-version":[{"id":557,"href":"https:\/\/wisenergy.com.br\/en\/wp-json\/wp\/v2\/pages\/196\/revisions\/557"}],"wp:featuredmedia":[{"embeddable":true,"href":"https:\/\/wisenergy.com.br\/en\/wp-json\/wp\/v2\/media\/220"}],"wp:attachment":[{"href":"https:\/\/wisenergy.com.br\/en\/wp-json\/wp\/v2\/media?parent=196"}],"curies":[{"name":"wp","href":"https:\/\/api.w.org\/{rel}","templated":true}]}}