{"id":1901,"date":"2022-07-08T09:51:03","date_gmt":"2022-07-08T12:51:03","guid":{"rendered":"https:\/\/wisenergy.com.br\/?page_id=1901"},"modified":"2022-07-08T09:51:04","modified_gmt":"2022-07-08T12:51:04","slug":"pre-inscricao-para-o-curso-de-fundamentos-de-energia-solar","status":"publish","type":"page","link":"https:\/\/wisenergy.com.br\/en\/pre-inscricao-para-o-curso-de-fundamentos-de-energia-solar\/","title":{"rendered":"Pre-Registration for the Solar Energy Fundamentals Course"},"content":{"rendered":"<figure class=\"wp-block-image size-large\"><img loading=\"lazy\" decoding=\"async\" width=\"1024\" height=\"1024\" src=\"https:\/\/wisenergy.com.br\/wp-content\/uploads\/2022\/07\/Capa-do-curso-1024x1024.png\" alt=\"\" class=\"wp-image-1887\" srcset=\"https:\/\/wisenergy.com.br\/wp-content\/uploads\/2022\/07\/Capa-do-curso-1024x1024.png 1024w, https:\/\/wisenergy.com.br\/wp-content\/uploads\/2022\/07\/Capa-do-curso-300x300.png 300w, https:\/\/wisenergy.com.br\/wp-content\/uploads\/2022\/07\/Capa-do-curso-150x150.png 150w, https:\/\/wisenergy.com.br\/wp-content\/uploads\/2022\/07\/Capa-do-curso-768x768.png 768w, https:\/\/wisenergy.com.br\/wp-content\/uploads\/2022\/07\/Capa-do-curso-12x12.png 12w, https:\/\/wisenergy.com.br\/wp-content\/uploads\/2022\/07\/Capa-do-curso.png 1080w\" sizes=\"(max-width: 1024px) 100vw, 1024px\" \/><\/figure>\n\n\n\n<p class=\"has-large-font-size\">Register and we will send you the information by email.<\/p>\n\n\n\n<p>Date 10.03.2022<\/p>\n\n\n<div class=\"forminator-ui forminator-custom-form forminator-custom-form-1900 forminator-design--default  forminator_ajax\" data-forminator-render=\"0\" data-form=\"forminator-module-1900\" data-uid=\"69d9a89b81907\"><br\/><\/div><form\n\t\t\t\tid=\"forminator-module-1900\"\n\t\t\t\tclass=\"forminator-ui forminator-custom-form forminator-custom-form-1900 forminator-design--default  forminator_ajax\"\n\t\t\t\tmethod=\"post\"\n\t\t\t\tdata-forminator-render=\"0\"\n\t\t\t\tdata-form-id=\"1900\"\n\t\t\t\t\n\t\t\t\tdata-design=\"default\"\n\t\t\t\t\n\t\t\t\t\n\t\t\t\t\n\t\t\t\tdata-grid=\"open\"\n\t\t\t\t\n\t\t\t\t\n\t\t\t\tstyle=\"display: none;\"\n\t\t\t\t\n\t\t\t\tdata-uid=\"69d9a89b81907\" action=\"\"\n\t\t\t><div role=\"alert\" aria-live=\"polite\" class=\"forminator-response-message forminator-error\" aria-hidden=\"true\"><\/div><div class=\"forminator-row\"><div id=\"name-1\" class=\"forminator-field-name forminator-col forminator-col-12\"><div class=\"forminator-field\"><label for=\"forminator-field-name-1_69d9a89b81907\" id=\"forminator-field-name-1_69d9a89b81907-label\" class=\"forminator-label\">Name<\/label><input type=\"text\" name=\"name-1\" value=\"\" placeholder=\"ex John Doe\" id=\"forminator-field-name-1_69d9a89b81907\" class=\"forminator-input forminator-name--field\" aria-required=\"false\" \/><\/div><\/div><\/div><div class=\"forminator-row\"><div id=\"email-1\" class=\"forminator-field-email forminator-col forminator-col-12\"><div class=\"forminator-field\"><label for=\"forminator-field-email-1_69d9a89b81907\" id=\"forminator-field-email-1_69d9a89b81907-label\" class=\"forminator-label\">E-mail<\/label><input type=\"email\" name=\"email-1\" value=\"\" placeholder=\"Former john@doe.com\" id=\"forminator-field-email-1_69d9a89b81907\" class=\"forminator-input forminator-email--field\" data-required=\"\" aria-required=\"false\" \/><\/div><\/div><\/div><input type=\"hidden\" name=\"referer_url\" value=\"\" \/><div class=\"forminator-row forminator-row-last\"><div class=\"forminator-col\"><div class=\"forminator-field\"><button class=\"forminator-button forminator-button-submit\">Finalize pre-registration<\/button><\/div><\/div><\/div><input type=\"hidden\" id=\"forminator_nonce\" name=\"forminator_nonce\" value=\"643168e041\" \/><input type=\"hidden\" name=\"_wp_http_referer\" value=\"\/en\/wp-json\/wp\/v2\/pages\/1901\" \/><input type=\"hidden\" name=\"form_id\" value=\"1900\"><input type=\"hidden\" name=\"page_id\" value=\"1901\"><input type=\"hidden\" name=\"form_type\" value=\"default\"><input type=\"hidden\" name=\"current_url\" value=\"https:\/\/wisenergy.com.br\/en\/pre-inscricao-para-o-curso-de-fundamentos-de-energia-solar\/\"><input type=\"hidden\" name=\"render_id\" value=\"0\"><input type=\"hidden\" name=\"action\" value=\"forminator_submit_form_custom-forms\"><input type=\"hidden\" name=\"trp-form-language\" value=\"en\"\/><\/form>","protected":false},"excerpt":{"rendered":"<p>Fa\u00e7a seu cadastro e enviaremos as informa\u00e7\u00f5es por e-mail Data 03.10.2022<\/p>","protected":false},"author":16,"featured_media":1372,"parent":0,"menu_order":0,"comment_status":"closed","ping_status":"closed","template":"","meta":{"om_disable_all_campaigns":false,"_monsterinsights_skip_tracking":false,"_monsterinsights_sitenote_active":false,"_monsterinsights_sitenote_note":"","_monsterinsights_sitenote_category":0,"footnotes":"","_links_to":"","_links_to_target":""},"aioseo_notices":[],"_links":{"self":[{"href":"https:\/\/wisenergy.com.br\/en\/wp-json\/wp\/v2\/pages\/1901"}],"collection":[{"href":"https:\/\/wisenergy.com.br\/en\/wp-json\/wp\/v2\/pages"}],"about":[{"href":"https:\/\/wisenergy.com.br\/en\/wp-json\/wp\/v2\/types\/page"}],"author":[{"embeddable":true,"href":"https:\/\/wisenergy.com.br\/en\/wp-json\/wp\/v2\/users\/16"}],"replies":[{"embeddable":true,"href":"https:\/\/wisenergy.com.br\/en\/wp-json\/wp\/v2\/comments?post=1901"}],"version-history":[{"count":1,"href":"https:\/\/wisenergy.com.br\/en\/wp-json\/wp\/v2\/pages\/1901\/revisions"}],"predecessor-version":[{"id":1902,"href":"https:\/\/wisenergy.com.br\/en\/wp-json\/wp\/v2\/pages\/1901\/revisions\/1902"}],"wp:featuredmedia":[{"embeddable":true,"href":"https:\/\/wisenergy.com.br\/en\/wp-json\/wp\/v2\/media\/1372"}],"wp:attachment":[{"href":"https:\/\/wisenergy.com.br\/en\/wp-json\/wp\/v2\/media?parent=1901"}],"curies":[{"name":"wp","href":"https:\/\/api.w.org\/{rel}","templated":true}]}}