{"id":1886,"date":"2022-07-08T09:14:08","date_gmt":"2022-07-08T12:14:08","guid":{"rendered":"https:\/\/wisenergy.com.br\/?page_id=1886"},"modified":"2022-12-14T19:11:46","modified_gmt":"2022-12-14T22:11:46","slug":"fundamentos-de-energia-solar","status":"publish","type":"page","link":"https:\/\/wisenergy.com.br\/en\/fundamentos-de-energia-solar\/","title":{"rendered":"FUNDAMENTOS DE ENERGIA SOLAR"},"content":{"rendered":"<div class=\"wp-block-columns is-layout-flex wp-container-core-columns-is-layout-1 wp-block-columns-is-layout-flex\">\n<div class=\"wp-block-column is-layout-flow wp-block-column-is-layout-flow\" style=\"flex-basis:65%\">\n<p><strong>Knowledge Area: <\/strong>Renewable energy<\/p>\n\n\n\n<p><strong>Instructor: <\/strong> &nbsp;Luiz Fernando Almeida Fontenele, M.Sc <\/p>\n\n\n\n<p><strong>Level:<\/strong> Introductory<\/p>\n\n\n\n<p><strong>Basic Requirements: <\/strong>Not Required<\/p>\n<\/div>\n\n\n\n<div class=\"wp-block-column has-white-background-color has-text-color has-background is-layout-flow wp-block-column-is-layout-flow\" style=\"color:#0f5c93;flex-basis:35%\">\n<figure class=\"wp-block-table is-style-stripes\"><table><tbody><tr><td><strong>Duration <\/strong><\/td><td><strong>3 hours<\/strong><\/td><\/tr><tr><td><\/td><td><\/td><\/tr><tr><td><\/td><td><\/td><\/tr><\/tbody><\/table><\/figure>\n\n\n\n<div class=\"wp-block-buttons is-layout-flex wp-block-buttons-is-layout-flex\">\n<div class=\"wp-block-button has-custom-width wp-block-button__width-75 is-style-fill\"><a class=\"wp-block-button__link has-luminous-vivid-orange-background-color has-background wp-element-button\" href=\"https:\/\/wisenergy.com.br\/en\/pre-inscricao-para-o-curso-de-fundamentos-de-energia-solar\/\" target=\"_blank\" rel=\"noreferrer noopener\">Make your free pre-registration<\/a><\/div>\n<\/div>\n<\/div>\n<\/div>\n\n\n\n<p class=\"has-white-color has-text-color has-background\" style=\"background-color:#00b6b5\"><strong>OBJECTIVE<\/strong><\/p>\n\n\n\n<p>To transmit knowledge about: the evolution of solar energy generation in Brazil and in the world; learning about the systems regarding their basic structure and components, cells and photovoltaic inverters and support structures; procedures to estimate in a simplified way the energy generation by solar source.<\/p>\n\n\n\n<div style=\"height:40px\" aria-hidden=\"true\" class=\"wp-block-spacer\"><\/div>\n\n\n\n<p class=\"has-white-color has-text-color has-background\" style=\"background-color:#00b6b5\"><strong>TARGET AUDIENCE<\/strong><\/p>\n\n\n\n<p>The course is aimed at engineers and professionals who wish to enter the renewable energy sector, especially in energy generation, or to deepen their knowledge of this form of energy generation.<\/p>\n\n\n\n<div style=\"height:40px\" aria-hidden=\"true\" class=\"wp-block-spacer\"><\/div>\n\n\n\n<p class=\"has-white-color has-text-color has-background\" style=\"background-color:#00b6b5\"><strong>COURSE CONTENT<\/strong><\/p>\n\n\n\n<div class=\"wp-block-columns is-layout-flex wp-container-core-columns-is-layout-2 wp-block-columns-is-layout-flex\">\n<div class=\"wp-block-column is-layout-flow wp-block-column-is-layout-flow\" style=\"flex-basis:66.66%\">\n<ul>\n<li>solar resource\n<ul>\n<li>Solar radiation<\/li>\n\n\n\n<li>Geographic distribution<\/li>\n\n\n\n<li>solar geometry<\/li>\n\n\n\n<li>solar charts<\/li>\n\n\n\n<li>apps<\/li>\n<\/ul>\n<\/li>\n\n\n\n<li>Overview of photovoltaic solar energy\n<ul>\n<li>History in the world and in Brazil<\/li>\n\n\n\n<li>Evolution of technology<\/li>\n\n\n\n<li>Price evolution<\/li>\n\n\n\n<li>Centralized Generation (GC) and Distributed Generation (DG) in Brazil<\/li>\n<\/ul>\n<\/li>\n\n\n\n<li>photovoltaic systems\n<ul>\n<li>Classification<\/li>\n\n\n\n<li>basic structure<\/li>\n\n\n\n<li>components<\/li>\n\n\n\n<li>Photo-voltaic cells<\/li>\n\n\n\n<li>photovoltaic modules<\/li>\n\n\n\n<li>support structures<\/li>\n\n\n\n<li>photovoltaic inverters<\/li>\n<\/ul>\n<\/li>\n\n\n\n<li>Simplified methodology for estimating energy production\n<ul>\n<li>Theory<\/li>\n\n\n\n<li>Examples<\/li>\n<\/ul>\n<\/li>\n<\/ul>\n<\/div>\n\n\n\n<div class=\"wp-block-column is-layout-flow wp-block-column-is-layout-flow\" style=\"flex-basis:33.33%\">\n<figure class=\"wp-block-image size-large\"><img loading=\"lazy\" decoding=\"async\" width=\"1024\" height=\"1024\" src=\"https:\/\/wisenergy.com.br\/wp-content\/uploads\/2022\/07\/Capa-do-curso-1024x1024.png\" alt=\"\" class=\"wp-image-1887\" srcset=\"https:\/\/wisenergy.com.br\/wp-content\/uploads\/2022\/07\/Capa-do-curso-1024x1024.png 1024w, https:\/\/wisenergy.com.br\/wp-content\/uploads\/2022\/07\/Capa-do-curso-300x300.png 300w, https:\/\/wisenergy.com.br\/wp-content\/uploads\/2022\/07\/Capa-do-curso-150x150.png 150w, https:\/\/wisenergy.com.br\/wp-content\/uploads\/2022\/07\/Capa-do-curso-768x768.png 768w, https:\/\/wisenergy.com.br\/wp-content\/uploads\/2022\/07\/Capa-do-curso-12x12.png 12w, https:\/\/wisenergy.com.br\/wp-content\/uploads\/2022\/07\/Capa-do-curso.png 1080w\" sizes=\"(max-width: 1024px) 100vw, 1024px\" \/><\/figure>\n<\/div>\n<\/div>\n\n\n\n<div style=\"height:40px\" aria-hidden=\"true\" class=\"wp-block-spacer\"><\/div>\n\n\n\n<p class=\"has-white-color has-text-color has-background\" style=\"background-color:#00b6b5\"><strong>CERTIFICATE OF COMPLETION<\/strong><\/p>\n\n\n\n<p>Certificate issued upon completion of the course.<\/p>\n\n\n\n<div style=\"height:40px\" aria-hidden=\"true\" class=\"wp-block-spacer\"><\/div>\n\n\n\n<p class=\"has-white-color has-text-color has-background\" style=\"background-color:#00b6b5\">INSTRUCTOR<\/p>\n\n\n\n<div class=\"wp-block-columns is-layout-flex wp-container-core-columns-is-layout-3 wp-block-columns-is-layout-flex\">\n<div class=\"wp-block-column is-layout-flow wp-block-column-is-layout-flow\" style=\"flex-basis:33.33%\">\n<figure class=\"wp-block-image size-large\"><img decoding=\"async\" src=\"https:\/\/wisenergy.com.br\/wp-content\/uploads\/2022\/07\/2-1024x1024.png\" alt=\"\" class=\"wp-image-1888\"\/><\/figure>\n<\/div>\n\n\n\n<div class=\"wp-block-column is-layout-flow wp-block-column-is-layout-flow\" style=\"flex-basis:66.66%\">\n<p>Luiz Fernando Almeida Fontenele, M.Sc, holds a degree in Electrical Engineering from the Federal University of Cear\u00e1 (UFC, 2010), with Magna Cum Laude academic distinction, and a degree in G\u00e9nie Electrique at the Institut National des Sciences Appliqu\u00e9es de Lyon (INSA Lyon , 2010). He holds a master's degree in Photovoltaic Solar Energy from the University of S\u00e3o Paulo (USP, 2018). Since 2013, he has been working with Research, Development and Innovation projects at the Petrobras Research Center, in the area of electricity generation, with a focus on photovoltaic generation.&nbsp;<\/p>\n<\/div>\n<\/div>","protected":false},"excerpt":{"rendered":"<p>\u00c1rea do Conhecimento: Energias Renov\u00e1veis Professor: &nbsp;Luiz Fernando Almeida Fontenele, M.Sc N\u00edvel: Introdut\u00f3rio Requisito B\u00e1sico: N\u00e3o requerido Dura\u00e7\u00e3o: 3 horas OBJETIVO Transmitir conhecimentos sobre: a evolu\u00e7\u00e3o da gera\u00e7\u00e3o de energia solar no Brasil e no mundo; apreendendo sobre os sistemas quanto \u00e0&#8230;<\/p>","protected":false},"author":16,"featured_media":1887,"parent":0,"menu_order":0,"comment_status":"closed","ping_status":"closed","template":"","meta":{"om_disable_all_campaigns":false,"_monsterinsights_skip_tracking":false,"_monsterinsights_sitenote_active":false,"_monsterinsights_sitenote_note":"","_monsterinsights_sitenote_category":0,"footnotes":"","_links_to":"","_links_to_target":""},"aioseo_notices":[],"_links":{"self":[{"href":"https:\/\/wisenergy.com.br\/en\/wp-json\/wp\/v2\/pages\/1886"}],"collection":[{"href":"https:\/\/wisenergy.com.br\/en\/wp-json\/wp\/v2\/pages"}],"about":[{"href":"https:\/\/wisenergy.com.br\/en\/wp-json\/wp\/v2\/types\/page"}],"author":[{"embeddable":true,"href":"https:\/\/wisenergy.com.br\/en\/wp-json\/wp\/v2\/users\/16"}],"replies":[{"embeddable":true,"href":"https:\/\/wisenergy.com.br\/en\/wp-json\/wp\/v2\/comments?post=1886"}],"version-history":[{"count":5,"href":"https:\/\/wisenergy.com.br\/en\/wp-json\/wp\/v2\/pages\/1886\/revisions"}],"predecessor-version":[{"id":10117,"href":"https:\/\/wisenergy.com.br\/en\/wp-json\/wp\/v2\/pages\/1886\/revisions\/10117"}],"wp:featuredmedia":[{"embeddable":true,"href":"https:\/\/wisenergy.com.br\/en\/wp-json\/wp\/v2\/media\/1887"}],"wp:attachment":[{"href":"https:\/\/wisenergy.com.br\/en\/wp-json\/wp\/v2\/media?parent=1886"}],"curies":[{"name":"wp","href":"https:\/\/api.w.org\/{rel}","templated":true}]}}