{"id":1744,"date":"2022-03-30T11:44:24","date_gmt":"2022-03-30T14:44:24","guid":{"rendered":"https:\/\/wisenergy.com.br\/?page_id=1744"},"modified":"2022-03-30T14:19:14","modified_gmt":"2022-03-30T17:19:14","slug":"turbina-a-gas","status":"publish","type":"page","link":"https:\/\/wisenergy.com.br\/en\/turbina-a-gas\/","title":{"rendered":"Gas Turbines"},"content":{"rendered":"<div class=\"wp-block-columns is-layout-flex wp-container-core-columns-is-layout-1 wp-block-columns-is-layout-flex\">\n<div class=\"wp-block-column is-layout-flow wp-block-column-is-layout-flow\" style=\"flex-basis:65%\">\n<p><strong>Knowledge Area: <\/strong>Energy<\/p>\n\n\n\n<p><strong>Instructor: <\/strong> Jose Biruel Jr <\/p>\n\n\n\n<p><strong>Level:<\/strong> Intermediary<\/p>\n\n\n\n<p><strong>Basic Requirements: <\/strong>Not Required<\/p>\n<\/div>\n\n\n\n<div class=\"wp-block-column has-white-background-color has-text-color has-background is-layout-flow wp-block-column-is-layout-flow\" style=\"color:#0f5c93;flex-basis:35%\">\n<figure class=\"wp-block-table is-style-stripes\"><table><tbody><tr><td><strong>Duration <\/strong><\/td><td><strong>4 hours<\/strong><\/td><\/tr><tr><td><strong> <\/strong><\/td><td><\/td><\/tr><tr><td><strong>Info <\/strong><\/td><td>4x of<br><strong>R$ 75.00<\/strong><\/td><\/tr><\/tbody><\/table><\/figure>\n\n\n\n<div class=\"wp-block-buttons is-layout-flex wp-block-buttons-is-layout-flex\">\n<div class=\"wp-block-button has-custom-width wp-block-button__width-75 is-style-fill\"><a class=\"wp-block-button__link has-luminous-vivid-orange-background-color has-background\">Soon<\/a><\/div>\n<\/div>\n<\/div>\n<\/div>\n\n\n\n<p class=\"has-white-color has-text-color has-background\" style=\"background-color:#00b6b5\"><strong>OBJECTIVE<\/strong><\/p>\n\n\n\n<p>To transmit knowledge about gas turbines, their physical principles, the various compressors used, detailing the combustion chamber, the turbine and the ignition process and machine performance. <\/p>\n\n\n\n<div style=\"height:40px\" aria-hidden=\"true\" class=\"wp-block-spacer\"><\/div>\n\n\n\n<p class=\"has-white-color has-text-color has-background\" style=\"background-color:#00b6b5\"><strong>TARGET AUDIENCE<\/strong><\/p>\n\n\n\n<p>The course is intended for engineers and professionals who wish to enter the energy generation sector with gas turbines.<\/p>\n\n\n\n<div style=\"height:40px\" aria-hidden=\"true\" class=\"wp-block-spacer\"><\/div>\n\n\n\n<p class=\"has-white-color has-text-color has-background\" style=\"background-color:#00b6b5\"><strong>COURSE CONTENT<\/strong><\/p>\n\n\n\n<div class=\"wp-block-columns is-layout-flex wp-container-core-columns-is-layout-2 wp-block-columns-is-layout-flex\">\n<div class=\"wp-block-column is-layout-flow wp-block-column-is-layout-flow\" style=\"flex-basis:66.66%\">\n<p>\u2981 Development History;<\/p>\n\n\n\n<p>\u2981 Physical Principles;<\/p>\n\n\n\n<p>\u2981 Compressors;<\/p>\n\n\n\n<p>\u2981 Combustion Chamber;<\/p>\n\n\n\n<p>\u2981 Ignition;<\/p>\n\n\n\n<p>\u2981 Turbine;<\/p>\n\n\n\n<p>\u2981 Materials;<\/p>\n\n\n\n<p>\u2981 Performance;<\/p>\n\n\n\n<p><\/p>\n<\/div>\n\n\n\n<div class=\"wp-block-column is-layout-flow wp-block-column-is-layout-flow\" style=\"flex-basis:33.33%\">\n<figure class=\"wp-block-image size-large\"><img loading=\"lazy\" decoding=\"async\" width=\"1024\" height=\"1024\" src=\"https:\/\/wisenergy.com.br\/wp-content\/uploads\/2022\/03\/Design-sem-nome-1024x1024.jpg\" alt=\"\" class=\"wp-image-1745\" srcset=\"https:\/\/wisenergy.com.br\/wp-content\/uploads\/2022\/03\/Design-sem-nome-1024x1024.jpg 1024w, https:\/\/wisenergy.com.br\/wp-content\/uploads\/2022\/03\/Design-sem-nome-300x300.jpg 300w, https:\/\/wisenergy.com.br\/wp-content\/uploads\/2022\/03\/Design-sem-nome-150x150.jpg 150w, https:\/\/wisenergy.com.br\/wp-content\/uploads\/2022\/03\/Design-sem-nome-768x768.jpg 768w, https:\/\/wisenergy.com.br\/wp-content\/uploads\/2022\/03\/Design-sem-nome.jpg 1080w\" sizes=\"(max-width: 1024px) 100vw, 1024px\" \/><\/figure>\n<\/div>\n<\/div>\n\n\n\n<div style=\"height:40px\" aria-hidden=\"true\" class=\"wp-block-spacer\"><\/div>\n\n\n\n<p class=\"has-white-color has-text-color has-background\" style=\"background-color:#00b6b5\"><strong>CERTIFICATE OF COMPLETION<\/strong><\/p>\n\n\n\n<p>Certificate issued upon completion of the course.<\/p>\n\n\n\n<div style=\"height:40px\" aria-hidden=\"true\" class=\"wp-block-spacer\"><\/div>\n\n\n\n<p class=\"has-white-color has-text-color has-background\" style=\"background-color:#00b6b5\">INSTRUCTOR<\/p>\n\n\n\n<div class=\"wp-block-columns is-layout-flex wp-container-core-columns-is-layout-3 wp-block-columns-is-layout-flex\">\n<div class=\"wp-block-column is-layout-flow wp-block-column-is-layout-flow\" style=\"flex-basis:33.33%\">\n<figure class=\"wp-block-image size-full\"><img loading=\"lazy\" decoding=\"async\" width=\"400\" height=\"339\" src=\"https:\/\/wisenergy.com.br\/wp-content\/uploads\/2022\/03\/Biruel-400x339-1.png\" alt=\"\" class=\"wp-image-1642\" srcset=\"https:\/\/wisenergy.com.br\/wp-content\/uploads\/2022\/03\/Biruel-400x339-1.png 400w, https:\/\/wisenergy.com.br\/wp-content\/uploads\/2022\/03\/Biruel-400x339-1-300x254.png 300w\" sizes=\"(max-width: 400px) 100vw, 400px\" \/><figcaption>Jose Biruel Jr. D.Sc<\/figcaption><\/figure>\n<\/div>\n\n\n\n<div class=\"wp-block-column is-layout-flow wp-block-column-is-layout-flow\" style=\"flex-basis:66.66%\">\n<p>Jose Biruel Jr. holds a degree in Mechanical Engineering from Universidde Federal de Itajub\u00e1 (UNIFEI, 1999), a master's degree in Energy Planning from Universidade Federal do Rio de Janeiro (COPPE-UFRJ, 2008), a master's degree in Gas Turbine Technology (Cranfield University, England, 2012), a doctorate in Mechanical Engineering (UNIFEI, in a collaboration with the Cranfield University, England, 2016), MBA from Funda\u00e7\u00e3o Get\u00falio Vargas \u2013 RJ (2001) and is studying Business Intelligence Master \u2013 Intelligent Systems for Decision Support in Business from Pontifical Catholic University of Rio de Janeiro (PUC-Rio).<\/p>\n\n\n\n<p>He worked as manager in the management of the implementation of major works of the Gas and Energy Board of PETROBRAS from 2012 to 2016, highlighting the coordination of the professional training program for the industry and the structuring of management metrics for the implementation of projects.<\/p>\n\n\n\n<p>.<\/p>\n<\/div>\n<\/div>","protected":false},"excerpt":{"rendered":"<p>\u00c1rea do Conhecimento: Energia Professor: Jos\u00e9 Biruel Jr N\u00edvel: Intermedi\u00e1rio Requisito B\u00e1sico: N\u00e3o requerido Dura\u00e7\u00e3o: 4 horas Promo\u00e7\u00e3o de lan\u00e7amento: 4 x deR$ 75,00 OBJETIVO Transmitir conhecimentos sobre turbinas a g\u00e1s, seus princ\u00edpios f\u00edsicos, os diversos compressores utilizados, detalhando a c\u00e2mara de&#8230;<\/p>","protected":false},"author":16,"featured_media":1745,"parent":0,"menu_order":0,"comment_status":"closed","ping_status":"closed","template":"","meta":{"om_disable_all_campaigns":false,"_monsterinsights_skip_tracking":false,"_monsterinsights_sitenote_active":false,"_monsterinsights_sitenote_note":"","_monsterinsights_sitenote_category":0,"footnotes":"","_links_to":"","_links_to_target":""},"aioseo_notices":[],"_links":{"self":[{"href":"https:\/\/wisenergy.com.br\/en\/wp-json\/wp\/v2\/pages\/1744"}],"collection":[{"href":"https:\/\/wisenergy.com.br\/en\/wp-json\/wp\/v2\/pages"}],"about":[{"href":"https:\/\/wisenergy.com.br\/en\/wp-json\/wp\/v2\/types\/page"}],"author":[{"embeddable":true,"href":"https:\/\/wisenergy.com.br\/en\/wp-json\/wp\/v2\/users\/16"}],"replies":[{"embeddable":true,"href":"https:\/\/wisenergy.com.br\/en\/wp-json\/wp\/v2\/comments?post=1744"}],"version-history":[{"count":3,"href":"https:\/\/wisenergy.com.br\/en\/wp-json\/wp\/v2\/pages\/1744\/revisions"}],"predecessor-version":[{"id":1750,"href":"https:\/\/wisenergy.com.br\/en\/wp-json\/wp\/v2\/pages\/1744\/revisions\/1750"}],"wp:featuredmedia":[{"embeddable":true,"href":"https:\/\/wisenergy.com.br\/en\/wp-json\/wp\/v2\/media\/1745"}],"wp:attachment":[{"href":"https:\/\/wisenergy.com.br\/en\/wp-json\/wp\/v2\/media?parent=1744"}],"curies":[{"name":"wp","href":"https:\/\/api.w.org\/{rel}","templated":true}]}}