{"id":1632,"date":"2022-03-07T17:51:09","date_gmt":"2022-03-07T20:51:09","guid":{"rendered":"https:\/\/wisenergy.com.br\/?page_id=1632"},"modified":"2022-03-07T18:44:43","modified_gmt":"2022-03-07T21:44:43","slug":"jose-biruel-jr","status":"publish","type":"page","link":"https:\/\/wisenergy.com.br\/en\/jose-biruel-jr\/","title":{"rendered":"Jose Biruel Jr."},"content":{"rendered":"<p>He holds a degree in Mechanical Engineering from Universidde Federal de Itajub\u00e1 (UNIFEI, 1999), a master's degree in Energy Planning from Universidade Federal do Rio de Janeiro (COPPE-UFRJ, 2008), a master's degree in Gas Turbine Technology (Cranfield University, England, 2012), a doctorate in Mechanical Engineering (UNIFEI, in a collaboration with the Cranfield University, England, 2016), MBA from Funda\u00e7\u00e3o Get\u00falio Vargas \u2013 RJ (2001) and is studying Business Intelligence Master \u2013 Intelligent Systems for Decision Support in Business from Pontifical Catholic University of Rio de Janeiro (PUC-Rio).<\/p>\n\n\n\n<p>He worked as a researcher at the Research and Development Center Leopoldo Miguez de Mello \u2013 CENPES of PETROBRAS from 2002 to 2012, in the areas of Gas and Energy, Renewable Energies and Energy Efficiency, working mainly on thermoelectric generation, gas turbine and transportation and use of natural gas.<\/p>\n\n\n\n<p>He worked as manager in the management of the implementation of major works of the Gas and Energy Board of PETROBRAS from 2012 to 2016, highlighting the coordination of the professional training program for the industry and the structuring of management metrics for the implementation of projects.<\/p>","protected":false},"excerpt":{"rendered":"<p>Possui gradua\u00e7\u00e3o em Engenharia Mec\u00e2nica (UNIFEI, 1999), mestrado em Planejamento Energ\u00e9tico (COPPE-UFRJ, 2008), mestrado em Tecnologia de Turbina a G\u00e1s (Cranfield University, Inglaterra, 2012), doutorado em Engenharia Mec\u00e2nica (UNIFEI, em sandu\u00edche com a Universidade de Cranfield, Inglaterra, 2016), MBA pela Funda\u00e7\u00e3o Get\u00falio&#8230;<\/p>","protected":false},"author":16,"featured_media":1642,"parent":0,"menu_order":0,"comment_status":"closed","ping_status":"closed","template":"","meta":{"om_disable_all_campaigns":false,"_monsterinsights_skip_tracking":false,"_monsterinsights_sitenote_active":false,"_monsterinsights_sitenote_note":"","_monsterinsights_sitenote_category":0,"footnotes":"","_links_to":"","_links_to_target":""},"aioseo_notices":[],"_links":{"self":[{"href":"https:\/\/wisenergy.com.br\/en\/wp-json\/wp\/v2\/pages\/1632"}],"collection":[{"href":"https:\/\/wisenergy.com.br\/en\/wp-json\/wp\/v2\/pages"}],"about":[{"href":"https:\/\/wisenergy.com.br\/en\/wp-json\/wp\/v2\/types\/page"}],"author":[{"embeddable":true,"href":"https:\/\/wisenergy.com.br\/en\/wp-json\/wp\/v2\/users\/16"}],"replies":[{"embeddable":true,"href":"https:\/\/wisenergy.com.br\/en\/wp-json\/wp\/v2\/comments?post=1632"}],"version-history":[{"count":3,"href":"https:\/\/wisenergy.com.br\/en\/wp-json\/wp\/v2\/pages\/1632\/revisions"}],"predecessor-version":[{"id":1635,"href":"https:\/\/wisenergy.com.br\/en\/wp-json\/wp\/v2\/pages\/1632\/revisions\/1635"}],"wp:featuredmedia":[{"embeddable":true,"href":"https:\/\/wisenergy.com.br\/en\/wp-json\/wp\/v2\/media\/1642"}],"wp:attachment":[{"href":"https:\/\/wisenergy.com.br\/en\/wp-json\/wp\/v2\/media?parent=1632"}],"curies":[{"name":"wp","href":"https:\/\/api.w.org\/{rel}","templated":true}]}}