{"id":150,"date":"2021-08-02T10:16:21","date_gmt":"2021-08-02T13:16:21","guid":{"rendered":"http:\/\/wisenergy.com.br\/?page_id=150"},"modified":"2022-05-16T16:32:54","modified_gmt":"2022-05-16T19:32:54","slug":"palestra-os-ciclos-de-exploracao-e-desenvolvimento-da-producao-na-industria-do-petroleo","status":"publish","type":"page","link":"https:\/\/wisenergy.com.br\/en\/palestra-os-ciclos-de-exploracao-e-desenvolvimento-da-producao-na-industria-do-petroleo\/","title":{"rendered":"The Process of Exploration and Production in the Petroleum Industry"},"content":{"rendered":"<div class=\"wp-block-columns is-layout-flex wp-container-core-columns-is-layout-1 wp-block-columns-is-layout-flex\">\n<div class=\"wp-block-column is-layout-flow wp-block-column-is-layout-flow\" style=\"flex-basis:65%\">\n<p><strong>Knowledge Area: <\/strong>Business in Energy<\/p>\n\n\n\n<p><strong>Instructor: <\/strong>  Farid Shecaira, Ph.D.  <\/p>\n\n\n\n<p><strong>Level:<\/strong> Introductory<\/p>\n\n\n\n<p><strong>Basic Requirements: <\/strong>Not Required<\/p>\n<\/div>\n\n\n\n<div class=\"wp-block-column has-white-background-color has-text-color has-background is-layout-flow wp-block-column-is-layout-flow\" style=\"color:#0f5c93;flex-basis:35%\">\n<figure class=\"wp-block-table is-style-stripes\"><table><tbody><tr><td><strong>Duration <\/strong><\/td><td><strong>2 hours<\/strong><\/td><\/tr><tr><td><strong> <\/strong><\/td><td><\/td><\/tr><tr><td><strong>Investment<\/strong><\/td><td><strong>FREE<\/strong><\/td><\/tr><\/tbody><\/table><\/figure>\n\n\n\n<div class=\"wp-block-buttons is-horizontal is-content-justification-center is-layout-flex wp-container-core-buttons-is-layout-1 wp-block-buttons-is-layout-flex\">\n<div class=\"wp-block-button has-custom-width wp-block-button__width-75 is-style-fill\"><a class=\"wp-block-button__link has-vivid-cyan-blue-background-color has-background\" href=\"https:\/\/wisenergy.com.br\/en\/os-ciclos-exploratorio-e-do-desenvolvimento-da-producao-na-industria-do-petroleo\/\">Contact us<\/a><\/div>\n<\/div>\n<\/div>\n<\/div>\n\n\n\n<p class=\"has-white-color has-text-color has-background\" style=\"background-color:#00b6b5\"><strong>OBJECTIVE<\/strong><\/p>\n\n\n\n<p>To present the process of exploration and production development of an oil field, showing how attractive and challenging this activity is, due to its immense investments and high risk.<\/p>\n\n\n\n<div style=\"height:40px\" aria-hidden=\"true\" class=\"wp-block-spacer\"><\/div>\n\n\n\n<p class=\"has-white-color has-text-color has-background\" style=\"background-color:#00b6b5\"><strong>TARGET AUDIENCE<\/strong><\/p>\n\n\n\n<p>The lecture is intended for professionals from any area who wish to acquire knowledge about the exploration and production development of an oil field.<\/p>\n\n\n\n<div style=\"height:40px\" aria-hidden=\"true\" class=\"wp-block-spacer\"><\/div>\n\n\n\n<p class=\"has-white-color has-text-color has-background\" style=\"background-color:#00b6b5\"><strong>COURSE CONTENT<\/strong><\/p>\n\n\n\n<div class=\"wp-block-columns is-layout-flex wp-container-core-columns-is-layout-2 wp-block-columns-is-layout-flex\">\n<div class=\"wp-block-column is-layout-flow wp-block-column-is-layout-flow\" style=\"flex-basis:66.66%\">\n<p>- What are Oil Reservoirs<br>-Reservoir Rock Properties: Saturation, Porosity, Permeability and Relative Permeability<br>-Reservoir Fluids<br>-Fluids Distribution in the Reservoir<br>-The Cycles Exploration\/Development\/Production<br>-Secondary Oil Recovery<br>-Tertiary Oil Recovery<br>Water Production<br>-Risks<\/p>\n<\/div>\n\n\n\n<div class=\"wp-block-column is-layout-flow wp-block-column-is-layout-flow\" style=\"flex-basis:33.33%\">\n<figure class=\"wp-block-image size-large\"><img loading=\"lazy\" decoding=\"async\" width=\"1024\" height=\"716\" src=\"http:\/\/wisenergy.com.br\/wp-content\/uploads\/2021\/07\/oil-platform-484859-1024x716.jpg\" alt=\"\" class=\"wp-image-92\" srcset=\"https:\/\/wisenergy.com.br\/wp-content\/uploads\/2021\/07\/oil-platform-484859-1024x716.jpg 1024w, https:\/\/wisenergy.com.br\/wp-content\/uploads\/2021\/07\/oil-platform-484859-300x210.jpg 300w, https:\/\/wisenergy.com.br\/wp-content\/uploads\/2021\/07\/oil-platform-484859-768x537.jpg 768w, https:\/\/wisenergy.com.br\/wp-content\/uploads\/2021\/07\/oil-platform-484859-1536x1073.jpg 1536w, https:\/\/wisenergy.com.br\/wp-content\/uploads\/2021\/07\/oil-platform-484859-2048x1431.jpg 2048w\" sizes=\"(max-width: 1024px) 100vw, 1024px\" \/><\/figure>\n<\/div>\n<\/div>\n\n\n\n<div style=\"height:40px\" aria-hidden=\"true\" class=\"wp-block-spacer\"><\/div>\n\n\n\n<p class=\"has-white-color has-text-color has-background\" style=\"background-color:#00b6b5\"><strong>CERTIFICATE OF COMPLETION<\/strong><\/p>\n\n\n\n<p>Please send an email to contato@wisenergy.com.br <a href=\"mailto:contato@wisenergy.com.br\" target=\"_blank\" rel=\"noreferrer noopener\">contato@wisenergy.com.br<\/a><\/p>\n\n\n\n<div style=\"height:40px\" aria-hidden=\"true\" class=\"wp-block-spacer\"><\/div>\n\n\n\n<p class=\"has-white-color has-text-color has-background\" style=\"background-color:#00b6b5\">INSTRUCTOR<\/p>\n\n\n\n<div class=\"wp-block-columns is-layout-flex wp-container-core-columns-is-layout-3 wp-block-columns-is-layout-flex\">\n<div class=\"wp-block-column is-layout-flow wp-block-column-is-layout-flow\" style=\"flex-basis:33.33%\">\n<figure class=\"wp-block-image size-full\"><img loading=\"lazy\" decoding=\"async\" width=\"384\" height=\"270\" src=\"http:\/\/wisenergy.com.br\/wp-content\/uploads\/2021\/08\/Professor_Farid-Shecaira-1.jpg\" alt=\"\" class=\"wp-image-220\" srcset=\"https:\/\/wisenergy.com.br\/wp-content\/uploads\/2021\/08\/Professor_Farid-Shecaira-1.jpg 384w, https:\/\/wisenergy.com.br\/wp-content\/uploads\/2021\/08\/Professor_Farid-Shecaira-1-300x211.jpg 300w\" sizes=\"(max-width: 384px) 100vw, 384px\" \/><figcaption> Farid Shecaira, Ph.D. <\/figcaption><\/figure>\n<\/div>\n\n\n\n<div class=\"wp-block-column is-layout-flow wp-block-column-is-layout-flow\" style=\"flex-basis:66.66%\">\n<p>Farid Shecaira is a Petroleum Engineer. He worked at Petrobras from 1980 to 2021. He holds a degree in Civil Engineering from USP (1979), an extension course in Petroleum Engineering from Petrobras (1981), a Master's in Petroleum Engineering from the Federal University of Ouro Preto (1988) and a PhD in Engineering in Petroleum from the University of Texas at Austin (1998). He is currently studying Business Intelligence \u2013 BI \u2013 Data Science at PUC (Pontifical Catholic University) in Rio de Janeiro.<\/p>\n\n\n\n<p>At Petrobras, he held the following positions: Researcher at the Petrobras Research Center (CENPES), Head of the Division of Geology and Reservoir Engineering at CENPES; Technical consultant; Coordinator of the Advanced Oil Recovery Program; Production Development Manager at Petrobras America; Production, Reserves and Reservoirs Manager of the Petrobras International Area, Manager of the Iara and Atapu Pre-Salt mega-projects and General Manager of Research and Development in Exploration and Production at Petrobras R&amp;D Center - CENPES.<\/p>\n\n\n\n<p>He was a postgraduate professor in Petroleum Engineering at PUC-Rio (2000-2014). At the Society of Petroleum Engineers, he was President of the SPE Section Brazil (2012-2014) and director of this institution for several terms. His main contribution at SPE was to coordinate the elaboration and publication of the \u201cCurriculum Proposal for Bachelor's Degree Courses in Petroleum Engineering\u201d.<\/p>\n<\/div>\n<\/div>","protected":false},"excerpt":{"rendered":"<p>\u00c1rea do Conhecimento: Neg\u00f3cios na \u00e1rea de Energia Professor: Farid Shecaira, Ph.D N\u00edvel: Introdut\u00f3rio Requisito B\u00e1sico: N\u00e3o requerido Dura\u00e7\u00e3o: 2 horas Investimento GRATUITO OBJETIVO Apresentar o processo de explora\u00e7\u00e3o e desenvolvimento de produ\u00e7\u00e3o de um campo de petr\u00f3leo, mostrando qu\u00e3o atraente e&#8230;<\/p>","protected":false},"author":16,"featured_media":1036,"parent":0,"menu_order":0,"comment_status":"closed","ping_status":"closed","template":"","meta":{"om_disable_all_campaigns":false,"_monsterinsights_skip_tracking":false,"_monsterinsights_sitenote_active":false,"_monsterinsights_sitenote_note":"","_monsterinsights_sitenote_category":0,"footnotes":"","_links_to":"","_links_to_target":""},"aioseo_notices":[],"_links":{"self":[{"href":"https:\/\/wisenergy.com.br\/en\/wp-json\/wp\/v2\/pages\/150"}],"collection":[{"href":"https:\/\/wisenergy.com.br\/en\/wp-json\/wp\/v2\/pages"}],"about":[{"href":"https:\/\/wisenergy.com.br\/en\/wp-json\/wp\/v2\/types\/page"}],"author":[{"embeddable":true,"href":"https:\/\/wisenergy.com.br\/en\/wp-json\/wp\/v2\/users\/16"}],"replies":[{"embeddable":true,"href":"https:\/\/wisenergy.com.br\/en\/wp-json\/wp\/v2\/comments?post=150"}],"version-history":[{"count":25,"href":"https:\/\/wisenergy.com.br\/en\/wp-json\/wp\/v2\/pages\/150\/revisions"}],"predecessor-version":[{"id":1826,"href":"https:\/\/wisenergy.com.br\/en\/wp-json\/wp\/v2\/pages\/150\/revisions\/1826"}],"wp:featuredmedia":[{"embeddable":true,"href":"https:\/\/wisenergy.com.br\/en\/wp-json\/wp\/v2\/media\/1036"}],"wp:attachment":[{"href":"https:\/\/wisenergy.com.br\/en\/wp-json\/wp\/v2\/media?parent=150"}],"curies":[{"name":"wp","href":"https:\/\/api.w.org\/{rel}","templated":true}]}}