{"id":1096,"date":"2021-11-12T23:03:40","date_gmt":"2021-11-13T02:03:40","guid":{"rendered":"http:\/\/wisenergy.com.br\/?page_id=1096"},"modified":"2021-11-12T23:26:26","modified_gmt":"2021-11-13T02:26:26","slug":"mario-c-massa-de-campos","status":"publish","type":"page","link":"https:\/\/wisenergy.com.br\/en\/mario-c-massa-de-campos\/","title":{"rendered":"Mario C. Massa de Campos"},"content":{"rendered":"<p>PhD in Engineering and worked at PETROBRAS Research Center for more than 35 years, having participated in several R&amp;D projects, Basic Engineering, tool development, implementation and assisted start-ups of automation systems, regulatory and advanced control and optimization for oil industry plants.<\/p>\n\n\n\n<p>He was a guest professor in several courses. Recently received the \u201c2021 Achievement Award\u201d from ISEAM (<em>international<\/em><em> society <\/em><em>of<\/em><em> <\/em><em>engineering<\/em><em>&nbsp;<\/em><em>asset<\/em><em> Management<\/em>) during its 15th WCEAM 2021 world congress. Winner of the Pl\u00ednio Cantanhede Award in 2008 and also in 2012 from the Brazilian Institute of Oil, Gas and Biofuels (IBP). He is co-author of three technical books in the area of automation, control and process optimization.<\/p>\n\n\n\n<p>He is currently a founding partner of the Company <em>SmartAutomation<\/em> (<a href=\"http:\/\/www.smartpilot.com.br\/\">www.smartpilot.com.br<\/a>) which seeks to develop and implement systems for automation, control, monitoring, diagnosis and optimization of processes and equipment for the Industry, seeking to increase the profitability, availability and safety of industrial plants.<\/p>","protected":false},"excerpt":{"rendered":"<p>Doutorado na \u00e1rea de Engenharia e trabalhou no Centro de Pesquisa da PETROBRAS durante mais de 35 anos, tendo participado de diversos projetos de P&amp;D, Engenharia B\u00e1sica, desenvolvimento de ferramentas, implanta\u00e7\u00f5es e partidas assistidas de sistemas de automa\u00e7\u00e3o, controle regulat\u00f3rio e avan\u00e7ado&#8230;<\/p>","protected":false},"author":16,"featured_media":1098,"parent":0,"menu_order":0,"comment_status":"closed","ping_status":"closed","template":"","meta":{"om_disable_all_campaigns":false,"_monsterinsights_skip_tracking":false,"_monsterinsights_sitenote_active":false,"_monsterinsights_sitenote_note":"","_monsterinsights_sitenote_category":0,"footnotes":"","_links_to":"","_links_to_target":""},"aioseo_notices":[],"_links":{"self":[{"href":"https:\/\/wisenergy.com.br\/en\/wp-json\/wp\/v2\/pages\/1096"}],"collection":[{"href":"https:\/\/wisenergy.com.br\/en\/wp-json\/wp\/v2\/pages"}],"about":[{"href":"https:\/\/wisenergy.com.br\/en\/wp-json\/wp\/v2\/types\/page"}],"author":[{"embeddable":true,"href":"https:\/\/wisenergy.com.br\/en\/wp-json\/wp\/v2\/users\/16"}],"replies":[{"embeddable":true,"href":"https:\/\/wisenergy.com.br\/en\/wp-json\/wp\/v2\/comments?post=1096"}],"version-history":[{"count":1,"href":"https:\/\/wisenergy.com.br\/en\/wp-json\/wp\/v2\/pages\/1096\/revisions"}],"predecessor-version":[{"id":1099,"href":"https:\/\/wisenergy.com.br\/en\/wp-json\/wp\/v2\/pages\/1096\/revisions\/1099"}],"wp:featuredmedia":[{"embeddable":true,"href":"https:\/\/wisenergy.com.br\/en\/wp-json\/wp\/v2\/media\/1098"}],"wp:attachment":[{"href":"https:\/\/wisenergy.com.br\/en\/wp-json\/wp\/v2\/media?parent=1096"}],"curies":[{"name":"wp","href":"https:\/\/api.w.org\/{rel}","templated":true}]}}