{"id":1034,"date":"2021-11-08T15:14:02","date_gmt":"2021-11-08T18:14:02","guid":{"rendered":"http:\/\/wisenergy.com.br\/?page_id=1034"},"modified":"2022-05-16T16:28:52","modified_gmt":"2022-05-16T19:28:52","slug":"sistemas-inteligentes-para-a-otimizacao-da-producao-de-petroleo-e-gas","status":"publish","type":"page","link":"https:\/\/wisenergy.com.br\/en\/sistemas-inteligentes-para-a-otimizacao-da-producao-de-petroleo-e-gas\/","title":{"rendered":"Intelligent Systems for Oil and Gas Production"},"content":{"rendered":"<div class=\"wp-block-columns is-layout-flex wp-container-core-columns-is-layout-1 wp-block-columns-is-layout-flex\">\n<div class=\"wp-block-column is-layout-flow wp-block-column-is-layout-flow\" style=\"flex-basis:65%\">\n<p><strong>Knowledge Area: <\/strong>Artificial Intelligence and Optimization<\/p>\n\n\n\n<p><strong>Instructor: <\/strong>Mario Campos and Jose Perez<\/p>\n\n\n\n<p><strong>Level:<\/strong> Introductory for Operators, Technicians, Engineers and Students<\/p>\n\n\n\n<p><strong>Basic Requirements: <\/strong>Not Required<\/p>\n<\/div>\n\n\n\n<div class=\"wp-block-column has-white-background-color has-text-color has-background is-layout-flow wp-block-column-is-layout-flow\" style=\"color:#0f5c93;flex-basis:35%\">\n<figure class=\"wp-block-table is-style-stripes\"><table><tbody><tr><td><strong>Duration <\/strong><\/td><td>7<strong> Hours<\/strong><\/td><\/tr><tr><td><strong> <\/strong><\/td><td><\/td><\/tr><tr><td><strong>Info <\/strong><\/td><td>Special packages for companies <strong>Course on demand<\/strong><\/td><\/tr><\/tbody><\/table><\/figure>\n\n\n\n<div class=\"wp-block-buttons is-horizontal is-content-justification-center is-layout-flex wp-container-core-buttons-is-layout-1 wp-block-buttons-is-layout-flex\">\n<div class=\"wp-block-button has-custom-width wp-block-button__width-75 is-style-fill\"><a class=\"wp-block-button__link has-background\" href=\"https:\/\/wisenergy.com.br\/en\/contato\/\" style=\"background-color:#f7941d\" target=\"_blank\" rel=\"noreferrer noopener\">Contact us<\/a><\/div>\n<\/div>\n<\/div>\n<\/div>\n\n\n\n<p class=\"has-white-color has-text-color has-background\" style=\"background-color:#00b6b5\"><strong>OBJECTIVE<\/strong><\/p>\n\n\n\n<p>The course describes and discusses the application of different techniques of artificial intelligence systems, such as those based on neural networks, fuzzy logic, real-time prediction, etc., to support operators and engineers in the monitoring, control and optimization of processes and equipment. of oil and gas production. It also analyzes different case studies of the application of these techniques in the main subsystems of an oil and gas production unit, showing the impacts on the reliability, profitability and safety of the units.<\/p>\n\n\n\n<div style=\"height:40px\" aria-hidden=\"true\" class=\"wp-block-spacer\"><\/div>\n\n\n\n<p class=\"has-white-color has-text-color has-background\" style=\"background-color:#00b6b5\"><strong>TARGET AUDIENCE<\/strong><\/p>\n\n\n\n<p>Engineers, technologists and students of engineering and related fields. Instrumentation technicians, electronics, electrical, mechanical and process operators.<\/p>\n\n\n\n<div style=\"height:40px\" aria-hidden=\"true\" class=\"wp-block-spacer\"><\/div>\n\n\n\n<p class=\"has-white-color has-text-color has-background\" style=\"background-color:#00b6b5\"><strong>COURSE CONTENT<\/strong><\/p>\n\n\n\n<div class=\"wp-block-columns is-layout-flex wp-container-core-columns-is-layout-2 wp-block-columns-is-layout-flex\">\n<div class=\"wp-block-column is-layout-flow wp-block-column-is-layout-flow\" style=\"flex-basis:66.66%\">\n<p>\u2981 Introduction to intelligent systems: Fuzzy logic, neural networks and multivariable predictive control    <\/p>\n\n\n\n<p>\u2981 Typical controls of oil and gas production systems<br>    \u2981 Control of the oil treatment plant<br>    \u2981 Control of the gas treatment plant<br>    \u2981 Control of the water treatment plant<br>\u2981 Case studies \u2013 Presentation of different examples and techniques and their applications to oil and gas systems<\/p>\n\n\n\n<p>\u2981 Benefit analysis and conclusions<\/p>\n<\/div>\n\n\n\n<div class=\"wp-block-column is-layout-flow wp-block-column-is-layout-flow\" style=\"flex-basis:33.33%\">\n<figure class=\"wp-block-image size-full\"><img loading=\"lazy\" decoding=\"async\" width=\"1024\" height=\"716\" src=\"http:\/\/wisenergy.com.br\/wp-content\/uploads\/2021\/11\/SistemasInteligentes_mini.jpg\" alt=\"\" class=\"wp-image-1090\" srcset=\"https:\/\/wisenergy.com.br\/wp-content\/uploads\/2021\/11\/SistemasInteligentes_mini.jpg 1024w, https:\/\/wisenergy.com.br\/wp-content\/uploads\/2021\/11\/SistemasInteligentes_mini-300x210.jpg 300w, https:\/\/wisenergy.com.br\/wp-content\/uploads\/2021\/11\/SistemasInteligentes_mini-768x537.jpg 768w\" sizes=\"(max-width: 1024px) 100vw, 1024px\" \/><\/figure>\n<\/div>\n<\/div>\n\n\n\n<div style=\"height:40px\" aria-hidden=\"true\" class=\"wp-block-spacer\"><\/div>\n\n\n\n<p class=\"has-white-color has-text-color has-background\" style=\"background-color:#00b6b5\"><strong>CERTIFICATE OF COMPLETION<\/strong><\/p>\n\n\n\n<p>Certificate issued upon completion of the course.<\/p>\n\n\n\n<div style=\"height:40px\" aria-hidden=\"true\" class=\"wp-block-spacer\"><\/div>\n\n\n\n<p class=\"has-white-color has-text-color has-background\" style=\"background-color:#00b6b5\">INSTRUCTOR<\/p>\n\n\n\n<div class=\"wp-block-columns is-layout-flex wp-container-core-columns-is-layout-3 wp-block-columns-is-layout-flex\">\n<div class=\"wp-block-column is-layout-flow wp-block-column-is-layout-flow\" style=\"flex-basis:33.33%\">\n<figure class=\"wp-block-image size-full\"><img loading=\"lazy\" decoding=\"async\" width=\"384\" height=\"270\" src=\"http:\/\/wisenergy.com.br\/wp-content\/uploads\/2021\/11\/Professor_MarioCampos.jpg\" alt=\"\" class=\"wp-image-1098\" srcset=\"https:\/\/wisenergy.com.br\/wp-content\/uploads\/2021\/11\/Professor_MarioCampos.jpg 384w, https:\/\/wisenergy.com.br\/wp-content\/uploads\/2021\/11\/Professor_MarioCampos-300x211.jpg 300w\" sizes=\"(max-width: 384px) 100vw, 384px\" \/><figcaption>Dr. Mario Cesar Mello Massa de Campos<\/figcaption><\/figure>\n<\/div>\n\n\n\n<div class=\"wp-block-column is-layout-flow wp-block-column-is-layout-flow\" style=\"flex-basis:66.66%\">\n<p><strong>Academic education<\/strong><\/p>\n\n\n\n<p>Military Institute of Engineering (IME) - 1984<br> \u2981 Benefits analysis and conclusions Electrical Engineer (B.Sc.).<br>Petrobras SA 1985 - 1986<br> \u2981 Analysis of benefits and conclusions Postgraduate degree in equipment engineering for the petrochemical industry (Ceneq \u2013 85).<br>Federal University of Rio de Janeiro 1990<br> \u2981 Master&#039;s degree in chemical engineering in the area of process control and automation (M.Sc.).<br>Ecole Centrale Paris \u2013 France 1997<br> \u2981PhD in chemical engineering in the field of artificial intelligence and intelligent systems<\/p>\n\n\n\n<p><\/p>\n\n\n\n<p><strong>Professional experience<\/strong><\/p>\n\n\n\n<p>PETROBRAS SA From 1985 to Feb\/2021<br>Senior Consultant at CENPES (PETROBRAS Research and Development Center) in the area of Instrumentation, Control, Optimization and Process Automation. Participation in more than 30 basic projects of automation and control systems of processing units for the oil and petrochemical industry. Guest professor of the control courses at the Corporate University of PETROBRAS (Process and Turbomachinery Control Courses). Main achievements: development and implementation of a new strategy for the control of centrifugal\/axial turbochargers at Petrobras units (more than 10 projects). Development and implementation of advanced control systems for several units, including the ethylene II unit at Copene (Petrochemical Company of the Northeast). Development and implementation of intelligent control and operation support systems on offshore production platforms (more than 50 projects implemented seeking to stabilize the plant, the subsea pumps - BCSS and the wells).. Received the Best Paper Award (Best Paper Award) during the International Conference &amp; Exhibition of the International Society of Automation (ISA) in 1993. Winner of the Pl\u00ednio Cantanhede Award 2008 from the Brazilian Institute of Petroleum, Gas and Biofuels with the work \u201cEconomic gains due to the improvement in the control of a gas processing plant Natural&quot;. Winner of the Best Practice Award (2009-2012) from the IGU \u2013 International Gas Union with the work \u201cOptimization of Natural Gas Plant \u2013 Gains in Profitability, Stability and Energy Efficiency\u201d. Winner of the 2012 Pl\u00ednio Cantanhede Award from the Brazilian Institute of Oil, Gas and Biofuels with the work \u201cThe Benefits and Challenges of the Application of Advanced Control Techniques and Real Time Optimization in Offshore Production Units\u201d. He is co-author of three technical books in the area of automation, control and optimization of processes, and has given a series of lectures at international events, such as during the International Symposium on Advanced Control of Chemical Processes \u2013 ADCHEM 2009 in Turkey, during the 10th International Symposium on Process Systems Engineering \u2013 PSE 2009 in Brazil, during the Process Modeling and Optimization for Energy and Sustainability Workshop \u2013 PASI 2011 (Pan American Advanced Studies Institute) in Brazil, and during the 7th International Conference on Integrated Operations in the Petroleum Industry \u2013 IO Center 2011 in Norway. He is also a member of the Sociedade Brasileira de Autom\u00e1tica (SBA), has 4 patents in the area and has participated in more than 80 Masters and Doctoral boards in Brazil.<\/p>\n<\/div>\n<\/div>\n\n\n\n<div class=\"wp-block-columns is-layout-flex wp-container-core-columns-is-layout-4 wp-block-columns-is-layout-flex\">\n<div class=\"wp-block-column is-layout-flow wp-block-column-is-layout-flow\" style=\"flex-basis:33.33%\">\n<figure class=\"wp-block-image size-full\"><img loading=\"lazy\" decoding=\"async\" width=\"384\" height=\"270\" src=\"http:\/\/wisenergy.com.br\/wp-content\/uploads\/2021\/11\/Professor_JosePerez.jpg\" alt=\"\" class=\"wp-image-1101\" srcset=\"https:\/\/wisenergy.com.br\/wp-content\/uploads\/2021\/11\/Professor_JosePerez.jpg 384w, https:\/\/wisenergy.com.br\/wp-content\/uploads\/2021\/11\/Professor_JosePerez-300x211.jpg 300w\" sizes=\"(max-width: 384px) 100vw, 384px\" \/><figcaption>Dr. Jose Manuel Gonzalez Tubio Perez<\/figcaption><\/figure>\n<\/div>\n\n\n\n<div class=\"wp-block-column is-layout-flow wp-block-column-is-layout-flow\" style=\"flex-basis:66.66%\">\n<p><strong>Academic education<\/strong><\/p>\n\n\n\n<p>Federal University of Rio de Janeiro - 1985<br> \u2981 Electronics Engineer (B.Sc.).<br>Specialist in Process Optimization Control \u2013 2004<br> \u2981 Postgraduate in Control and Optimization Engineering at USP<br>University of S\u00e3o Paulo (USP) \u2013 2006<br> \u2981 Master&#039;s degree in chemical engineering in the area of process control and automation (M.Sc.).<br>Federal University of Rio de Janeiro (UFRJ\/COPPE\/PEQ) 2012<br> \u2981 PhD in chemical engineering (D.Sc.)<\/p>\n\n\n\n<p><strong>Professional experience<\/strong><\/p>\n\n\n\n<p>PETROBRAS From 1986 to March\/2021<br>Senior Consultant in the area of instrumentation, control, optimization. Worked on basic design, commissioning, assisted start-up and technical assistance in the areas of production, refining, transportation and petrochemicals at Petrobras. Participation in more than 30 basic projects of automation and control systems of processing units for the oil and petrochemical industry. Guest professor of industrial instrumentation courses, safety instrumentation according to N-2595, IEC-61508 and IEC-61511, PLC and DCS configuration, PI (Plant Information), industrial furnace and boiler automation, turbomachinery safety and process control regulatory and predictive multivariate of the Corporate University of PETROBRAS.<br>Main achievements: belonged to the group of large machines in the Campos Basin where he worked in the start-up and technical assistance of turbines and compressors on the platforms, designed and implemented a new strategy for anti-surge control of the refrigeration and cargo system at Petroqu\u00edmica Union (PQU). He did the configuration in several DCS suppliers of control loops, supervisory screens and, in the dedicated interlocking system, the configuration of logics to protect several units of the Petrobras system. Configuration of automated start-up systems, such as industrial furnaces and boilers. Support for the design, development and implementation of the BR-Tuning software (PID control loop tuning). He is co-author of a technical book in the area of automation, control and process optimization. He participated in more than 10 Masters and Doctoral boards in Brazil.<\/p>\n<\/div>\n<\/div>","protected":false},"excerpt":{"rendered":"<p>\u00c1rea do Conhecimento: Intelig\u00eancia Artificial e Otimiza\u00e7\u00e3o Professor: Mario Campos e Jose Perez N\u00edvel: Introdut\u00f3rio para Operadores, T\u00e9cnicos, Engenheiros e Estudantes Requisito B\u00e1sico: N\u00e3o requerido Dura\u00e7\u00e3o: 7 horas Promo\u00e7\u00e3o de lan\u00e7amento: 6 x de R$ 79,97 OBJETIVO O curso descreve e discute&#8230;<\/p>","protected":false},"author":3,"featured_media":1090,"parent":0,"menu_order":0,"comment_status":"closed","ping_status":"closed","template":"","meta":{"om_disable_all_campaigns":false,"_monsterinsights_skip_tracking":false,"_monsterinsights_sitenote_active":false,"_monsterinsights_sitenote_note":"","_monsterinsights_sitenote_category":0,"footnotes":"","_links_to":"","_links_to_target":""},"aioseo_notices":[],"_links":{"self":[{"href":"https:\/\/wisenergy.com.br\/en\/wp-json\/wp\/v2\/pages\/1034"}],"collection":[{"href":"https:\/\/wisenergy.com.br\/en\/wp-json\/wp\/v2\/pages"}],"about":[{"href":"https:\/\/wisenergy.com.br\/en\/wp-json\/wp\/v2\/types\/page"}],"author":[{"embeddable":true,"href":"https:\/\/wisenergy.com.br\/en\/wp-json\/wp\/v2\/users\/3"}],"replies":[{"embeddable":true,"href":"https:\/\/wisenergy.com.br\/en\/wp-json\/wp\/v2\/comments?post=1034"}],"version-history":[{"count":7,"href":"https:\/\/wisenergy.com.br\/en\/wp-json\/wp\/v2\/pages\/1034\/revisions"}],"predecessor-version":[{"id":1815,"href":"https:\/\/wisenergy.com.br\/en\/wp-json\/wp\/v2\/pages\/1034\/revisions\/1815"}],"wp:featuredmedia":[{"embeddable":true,"href":"https:\/\/wisenergy.com.br\/en\/wp-json\/wp\/v2\/media\/1090"}],"wp:attachment":[{"href":"https:\/\/wisenergy.com.br\/en\/wp-json\/wp\/v2\/media?parent=1034"}],"curies":[{"name":"wp","href":"https:\/\/api.w.org\/{rel}","templated":true}]}}