{"id":10104,"date":"2022-12-12T17:20:14","date_gmt":"2022-12-12T20:20:14","guid":{"rendered":"https:\/\/wisenergy.com.br\/?page_id=10104"},"modified":"2022-12-14T20:04:23","modified_gmt":"2022-12-14T23:04:23","slug":"gas-natural-energia-monetizacao-logistica-e-transicao-energetica","status":"publish","type":"page","link":"https:\/\/wisenergy.com.br\/en\/gas-natural-energia-monetizacao-logistica-e-transicao-energetica\/","title":{"rendered":"G\u00c1S NATURAL &#038; ENERGIA: MONETIZA\u00c7\u00c3O, LOG\u00cdSTICA E TRANSI\u00c7\u00c3O ENERG\u00c9TICA"},"content":{"rendered":"<div class=\"wp-block-columns is-layout-flex wp-container-core-columns-is-layout-1 wp-block-columns-is-layout-flex\">\n<div class=\"wp-block-column is-layout-flow wp-block-column-is-layout-flow\" style=\"flex-basis:65%\">\n<p><strong>Knowledge Area: <\/strong>Sustainability<\/p>\n\n\n\n<p><strong>Instructor: <\/strong>Paulo Barreiros M. Sc.<\/p>\n\n\n\n<p><strong>Level:<\/strong> Introductory<\/p>\n\n\n\n<p><strong>Basic Requirements: <\/strong>Not Required<\/p>\n<\/div>\n\n\n\n<div class=\"wp-block-column has-white-background-color has-text-color has-background is-layout-flow wp-block-column-is-layout-flow\" style=\"color:#0f5c93;flex-basis:35%\">\n<div class=\"wp-block-buttons is-horizontal is-content-justification-center is-layout-flex wp-container-core-buttons-is-layout-1 wp-block-buttons-is-layout-flex\">\n<div class=\"wp-block-button has-custom-width wp-block-button__width-75 is-style-fill\"><a class=\"wp-block-button__link has-background wp-element-button\" style=\"background-color:#f7941d\">Soon<\/a><\/div>\n<\/div>\n<\/div>\n<\/div>\n\n\n\n<div style=\"height:40px\" aria-hidden=\"true\" class=\"wp-block-spacer\"><\/div>\n\n\n\n<p class=\"has-white-color has-text-color has-background\" style=\"background-color:#00b6b5\"><strong>OBJECTIVE<\/strong><\/p>\n\n\n\n<p>Transmitir ao aluno conhecimentos sobre o papel do g\u00e1s natural na \u00e1rea de energia no presente e no futuro, tanto no aspecto t\u00e9cnico como nos aspectos de neg\u00f3cios e institucional. O curso discute temas como monetiza\u00e7\u00e3o, log\u00edstica e transi\u00e7\u00e3o energ\u00e9tica.<\/p>\n\n\n\n<div style=\"height:40px\" aria-hidden=\"true\" class=\"wp-block-spacer\"><\/div>\n\n\n\n<p class=\"has-white-color has-text-color has-background\" style=\"background-color:#00b6b5\"><strong>TARGET AUDIENCE<\/strong><\/p>\n\n\n\n<p>O curso \u00e9 destinado a gestores, engenheiros, administradores, economistas, advogados, ge\u00f3logos e outros profissionais que desejem adquirir conhecimento sobre o g\u00e1s natural, sua monetiza\u00e7\u00e3o e log\u00edstica, al\u00e9m de seu papel na transi\u00e7\u00e3o energ\u00e9tica e nos neg\u00f3cios.<\/p>\n\n\n\n<div style=\"height:40px\" aria-hidden=\"true\" class=\"wp-block-spacer\"><\/div>\n\n\n\n<p class=\"has-white-color has-text-color has-background\" style=\"background-color:#00b6b5\"><strong>COURSE CONTENT<\/strong><\/p>\n\n\n\n<div class=\"wp-block-columns is-layout-flex wp-container-core-columns-is-layout-2 wp-block-columns-is-layout-flex\">\n<div class=\"wp-block-column is-layout-flow wp-block-column-is-layout-flow\">\n<ol>\n<li><strong>Fontes prim\u00e1rias de energia \u2013 Mundo &amp; Brasil<\/strong><\/li>\n\n\n\n<li><strong>Petr\u00f3leo &amp; G\u00e1s \u2013 Mundo &amp; Brasil<\/strong>\n<ul>\n<li><strong>Case: geopol\u00edtica do g\u00e1s na Europa<\/strong><\/li>\n<\/ul>\n<\/li>\n\n\n\n<li><strong>Rotas para monetiza\u00e7\u00e3o do GN<\/strong>\n<ul>\n<li><strong>Gasodutos; GNL, GNLE, GNC, GNCE<\/strong><\/li>\n\n\n\n<li><strong>GTL, GTLE, GTW, GTC<\/strong><\/li>\n<\/ul>\n<\/li>\n\n\n\n<li><strong>G\u00e1s Natural e sua cadeia de suprimento no Brasil<\/strong>\n<ul>\n<li><strong>Explora\u00e7\u00e3o e Produ\u00e7\u00e3o<\/strong><\/li>\n\n\n\n<li><strong>Escoamento e Transfer\u00eancia<\/strong><\/li>\n\n\n\n<li><strong>Processamento<\/strong><\/li>\n\n\n\n<li><strong>Transporte<\/strong><\/li>\n<\/ul>\n<\/li>\n\n\n\n<li><strong>Terminais de regaseifica\u00e7\u00e3o de GNL<\/strong><\/li>\n\n\n\n<li><strong>Distribui\u00e7\u00e3o e consumo<\/strong><\/li>\n\n\n\n<li><strong>Lei do g\u00e1s &#8211; Brasil<\/strong><\/li>\n\n\n\n<li><strong>Desafios 2022-2030<\/strong><strong>Desafio Net Zero 2050 e o GN como combust\u00edvel da transi\u00e7\u00e3o<\/strong><\/li>\n<\/ol>\n<\/div>\n\n\n\n<div class=\"wp-block-column is-layout-flow wp-block-column-is-layout-flow\">\n<figure class=\"wp-block-image size-large\"><img loading=\"lazy\" decoding=\"async\" width=\"1024\" height=\"1024\" src=\"https:\/\/wisenergy.com.br\/wp-content\/uploads\/2022\/12\/Design-sem-nome-13-1024x1024.jpeg\" alt=\"\" class=\"wp-image-10105\" srcset=\"https:\/\/wisenergy.com.br\/wp-content\/uploads\/2022\/12\/Design-sem-nome-13-1024x1024.jpeg 1024w, https:\/\/wisenergy.com.br\/wp-content\/uploads\/2022\/12\/Design-sem-nome-13-300x300.jpeg 300w, https:\/\/wisenergy.com.br\/wp-content\/uploads\/2022\/12\/Design-sem-nome-13-150x150.jpeg 150w, https:\/\/wisenergy.com.br\/wp-content\/uploads\/2022\/12\/Design-sem-nome-13-768x768.jpeg 768w, https:\/\/wisenergy.com.br\/wp-content\/uploads\/2022\/12\/Design-sem-nome-13-12x12.jpeg 12w, https:\/\/wisenergy.com.br\/wp-content\/uploads\/2022\/12\/Design-sem-nome-13.jpeg 1080w\" sizes=\"(max-width: 1024px) 100vw, 1024px\" \/><\/figure>\n<\/div>\n<\/div>\n\n\n<p><!-- \/wp:column --><\/p>\n<p><!-- wp:column --><\/p>\n<div class=\"wp-block-column\"><!-- wp:image {\"id\":10105,\"sizeSlug\":\"large\",\"linkDestination\":\"none\"} --><p><\/p>\n<figure class=\"wp-block-image size-large\"><\/figure>\n<p><!-- \/wp:image --><\/p>\n<\/div>\n<p><!-- \/wp:column --><\/p>\n<p><!-- \/wp:columns --><\/p>\n<p><!-- \/wp:column --><\/p>\n<p><!-- wp:column {\"width\":\"33.33%\"} --><\/p>\n<div class=\"wp-block-column\" style=\"flex-basis: 33.33%;\"><!-- wp:image {\"id\":10105,\"width\":472,\"height\":472,\"sizeSlug\":\"large\",\"linkDestination\":\"none\"} --><p><\/p>\n<figure class=\"wp-block-image size-large is-resized\"><\/figure>\n<p><!-- \/wp:image --><\/p>\n<\/div>\n<p><!-- \/wp:column --><\/p>\n<p><!-- \/wp:columns --><\/p>\n<p><!-- wp:spacer {\"height\":\"40px\"} --><\/p>\n<div class=\"wp-block-spacer\" style=\"height: 40px;\" aria-hidden=\"true\">&nbsp;<\/div>\n<p><!-- \/wp:spacer --><\/p>\n<p><!-- wp:paragraph {\"style\":{\"color\":{\"background\":\"#00b6b5\"}},\"textColor\":\"white\"} --><\/p>\n<p class=\"has-white-color has-text-color has-background\" style=\"background-color: #00b6b5;\"><strong>CERTIFICATE OF COMPLETION<\/strong><\/p>\n<p><!-- \/wp:paragraph --><\/p>\n<p><!-- wp:paragraph --><\/p>\n<p>Certificate issued upon completion of the course.<\/p>\n<p><!-- \/wp:paragraph --><\/p>\n<p><!-- wp:spacer {\"height\":\"40px\"} --><\/p>\n<div class=\"wp-block-spacer\" style=\"height: 40px;\" aria-hidden=\"true\">&nbsp;<\/div>\n<p><!-- \/wp:spacer --><\/p>\n<p><!-- wp:paragraph {\"style\":{\"color\":{\"background\":\"#00b6b5\"}},\"textColor\":\"white\"} --><\/p>\n<p class=\"has-white-color has-text-color has-background\" style=\"background-color: #00b6b5;\">INSTRUCTOR<\/p>\n<p><!-- \/wp:paragraph --><\/p>\n<p><!-- wp:columns --><\/p>\n<div class=\"wp-block-columns\"><!-- wp:column {\"width\":\"33.33%\"} --><p><\/p>\n<div class=\"wp-block-column\" style=\"flex-basis: 33.33%;\"><!-- wp:image {\"id\":10100,\"sizeSlug\":\"full\",\"linkDestination\":\"none\"} --><p><\/p>\n<figure class=\"wp-block-image size-full\"><img loading=\"lazy\" decoding=\"async\" width=\"384\" height=\"270\" class=\"wp-image-10100\" src=\"https:\/\/wisenergy.com.br\/wp-content\/uploads\/2022\/12\/1.png\" alt=\"\" srcset=\"https:\/\/wisenergy.com.br\/wp-content\/uploads\/2022\/12\/1.png 384w, https:\/\/wisenergy.com.br\/wp-content\/uploads\/2022\/12\/1-300x211.png 300w, https:\/\/wisenergy.com.br\/wp-content\/uploads\/2022\/12\/1-18x12.png 18w\" sizes=\"(max-width: 384px) 100vw, 384px\" \/><figcaption class=\"wp-element-caption\">Paulo Barreiros, M. Sc.<\/figcaption><\/figure>\n<p><!-- \/wp:image --><\/p>\n<\/div>\n<p><!-- \/wp:column --><\/p>\n<p><!-- wp:column {\"width\":\"66.66%\"} --><\/p>\n<div class=\"wp-block-column\" style=\"flex-basis: 66.66%;\"><!-- wp:paragraph --><p><\/p>\n<p>Paulo Barreiros<\/p>\n<p><!-- \/wp:paragraph --><\/p>\n<p><!-- wp:paragraph --><\/p>\n<p>Paulo Barreiros \u00e9 Engenheiro Mec\u00e2nico formado pela UFRJ (1981). Trabalhou no Instituto Brasileiro de Qualidade Nuclear (IBQN) de 1982 a 1985 e na Petrobras de 1985 a 2021. Possui Mestrado em Escoamento de Gases pela COPPE\/UFRJ (1994), MBAs em Gest\u00e3o de G\u00e1s e Energia (2001) e Gest\u00e3o Empresarial Avan\u00e7ada (2010) pela COPPEAD\/UFRJ.<\/p>\n<p><!-- \/wp:paragraph --><\/p>\n<p><!-- wp:paragraph --><\/p>\n<p>No IBQN atuou como Inspetor Independente da Qualidade Nuclear e na Petrobras ocupou os seguintes cargos: Engenheiro de grandes m\u00e1quinas da Engenharia B\u00e1sica do Centro de Pesquisas da Petrobras (CENPES); Gerente de G\u00e1s, Energia e G\u00e1s Qu\u00edmica do CENPES; Gerente Geral de Implanta\u00e7\u00e3o de Projetos de Investimentos do G&amp;E ; Gerente de Seguran\u00e7a, Meio Ambiente e Sa\u00fade e Gerente de Gest\u00e3o Tecnol\u00f3gica do CENPES; Gerente de Ativos de Processamento e Escoamento de G\u00e1s Natural do G&amp;E.<\/p>\n<p><!-- \/wp:paragraph --><\/p>\n<p><!-- wp:paragraph --><\/p>\n<p>Em sua atua\u00e7\u00e3o profissional ao longo de 36 anos na Petrobras proferiu palestras sobre Inova\u00e7\u00e3o Tecnol\u00f3gica e sobre Implanta\u00e7\u00e3o e Opera\u00e7\u00e3o de Ativos de Processamento e Escoamento de G\u00e1s Natural.<\/p>\n<p><!-- \/wp:paragraph --><\/p>\n<\/div>\n<p><!-- \/wp:column --><\/p>\n<\/div>\n<p><!-- \/wp:columns --><\/p>","protected":false},"excerpt":{"rendered":"<p>\u00c1rea do Conhecimento: Sustentabilidade Professor: Paulo Barreiros M. Sc. N\u00edvel: Introdut\u00f3rio Requisito B\u00e1sico: N\u00e3o requerido OBJETIVO Transmitir ao aluno conhecimentos sobre o papel do g\u00e1s natural na \u00e1rea de energia no presente e no futuro, tanto no aspecto t\u00e9cnico como nos aspectos&#8230;<\/p>","protected":false},"author":16,"featured_media":1091,"parent":0,"menu_order":0,"comment_status":"closed","ping_status":"closed","template":"","meta":{"om_disable_all_campaigns":false,"_monsterinsights_skip_tracking":false,"_monsterinsights_sitenote_active":false,"_monsterinsights_sitenote_note":"","_monsterinsights_sitenote_category":0,"footnotes":"","_links_to":"","_links_to_target":""},"aioseo_notices":[],"_links":{"self":[{"href":"https:\/\/wisenergy.com.br\/en\/wp-json\/wp\/v2\/pages\/10104"}],"collection":[{"href":"https:\/\/wisenergy.com.br\/en\/wp-json\/wp\/v2\/pages"}],"about":[{"href":"https:\/\/wisenergy.com.br\/en\/wp-json\/wp\/v2\/types\/page"}],"author":[{"embeddable":true,"href":"https:\/\/wisenergy.com.br\/en\/wp-json\/wp\/v2\/users\/16"}],"replies":[{"embeddable":true,"href":"https:\/\/wisenergy.com.br\/en\/wp-json\/wp\/v2\/comments?post=10104"}],"version-history":[{"count":6,"href":"https:\/\/wisenergy.com.br\/en\/wp-json\/wp\/v2\/pages\/10104\/revisions"}],"predecessor-version":[{"id":10128,"href":"https:\/\/wisenergy.com.br\/en\/wp-json\/wp\/v2\/pages\/10104\/revisions\/10128"}],"wp:featuredmedia":[{"embeddable":true,"href":"https:\/\/wisenergy.com.br\/en\/wp-json\/wp\/v2\/media\/1091"}],"wp:attachment":[{"href":"https:\/\/wisenergy.com.br\/en\/wp-json\/wp\/v2\/media?parent=10104"}],"curies":[{"name":"wp","href":"https:\/\/api.w.org\/{rel}","templated":true}]}}