{"id":10094,"date":"2022-12-12T16:02:18","date_gmt":"2022-12-12T19:02:18","guid":{"rendered":"https:\/\/wisenergy.com.br\/?page_id=10094"},"modified":"2022-12-12T16:14:55","modified_gmt":"2022-12-12T19:14:55","slug":"paulo-barreiros","status":"publish","type":"page","link":"https:\/\/wisenergy.com.br\/en\/paulo-barreiros\/","title":{"rendered":"Paulo Barreiros"},"content":{"rendered":"<p>Paulo Barreiros \u00e9 Engenheiro Mec\u00e2nico formado pela UFRJ (1981). Trabalhou no Instituto Brasileiro de Qualidade Nuclear (IBQN) de 1982 a 1985 e na Petrobras de 1985 a 2021. Possui Mestrado em Escoamento de Gases pela COPPE\/UFRJ (1994), MBAs em Gest\u00e3o de G\u00e1s e Energia (2001) e Gest\u00e3o Empresarial Avan\u00e7ada (2010) pela COPPEAD\/UFRJ.<\/p>\n\n\n\n<p>No IBQN atuou como Inspetor Independente da Qualidade Nuclear e na Petrobras ocupou os seguintes cargos: Engenheiro de grandes m\u00e1quinas da Engenharia B\u00e1sica do Centro de Pesquisas da Petrobras (CENPES); Gerente de G\u00e1s, Energia e G\u00e1s Qu\u00edmica do CENPES; Gerente Geral de Implanta\u00e7\u00e3o de Projetos de Investimentos do G&amp;E ; Gerente de Seguran\u00e7a, Meio Ambiente e Sa\u00fade e Gerente de Gest\u00e3o Tecnol\u00f3gica do CENPES; Gerente de Ativos de Processamento e Escoamento de G\u00e1s Natural do G&amp;E.<\/p>\n\n\n\n<p>Em sua atua\u00e7\u00e3o profissional ao longo de 36 anos na Petrobras proferiu palestras sobre Inova\u00e7\u00e3o Tecnol\u00f3gica e sobre Implanta\u00e7\u00e3o e Opera\u00e7\u00e3o de Ativos de Processamento e Escoamento de G\u00e1s Natural.<\/p>","protected":false},"excerpt":{"rendered":"<p>Paulo Barreiros \u00e9 Engenheiro Mec\u00e2nico formado pela UFRJ (1981). Trabalhou no Instituto Brasileiro de Qualidade Nuclear (IBQN) de 1982 a 1985 e na Petrobras de 1985 a 2021. Possui Mestrado em Escoamento de Gases pela COPPE\/UFRJ (1994), MBAs em Gest\u00e3o de G\u00e1s&#8230;<\/p>","protected":false},"author":16,"featured_media":10100,"parent":0,"menu_order":0,"comment_status":"closed","ping_status":"closed","template":"","meta":{"om_disable_all_campaigns":false,"_monsterinsights_skip_tracking":false,"_monsterinsights_sitenote_active":false,"_monsterinsights_sitenote_note":"","_monsterinsights_sitenote_category":0,"footnotes":"","_links_to":"","_links_to_target":""},"aioseo_notices":[],"_links":{"self":[{"href":"https:\/\/wisenergy.com.br\/en\/wp-json\/wp\/v2\/pages\/10094"}],"collection":[{"href":"https:\/\/wisenergy.com.br\/en\/wp-json\/wp\/v2\/pages"}],"about":[{"href":"https:\/\/wisenergy.com.br\/en\/wp-json\/wp\/v2\/types\/page"}],"author":[{"embeddable":true,"href":"https:\/\/wisenergy.com.br\/en\/wp-json\/wp\/v2\/users\/16"}],"replies":[{"embeddable":true,"href":"https:\/\/wisenergy.com.br\/en\/wp-json\/wp\/v2\/comments?post=10094"}],"version-history":[{"count":1,"href":"https:\/\/wisenergy.com.br\/en\/wp-json\/wp\/v2\/pages\/10094\/revisions"}],"predecessor-version":[{"id":10095,"href":"https:\/\/wisenergy.com.br\/en\/wp-json\/wp\/v2\/pages\/10094\/revisions\/10095"}],"wp:featuredmedia":[{"embeddable":true,"href":"https:\/\/wisenergy.com.br\/en\/wp-json\/wp\/v2\/media\/10100"}],"wp:attachment":[{"href":"https:\/\/wisenergy.com.br\/en\/wp-json\/wp\/v2\/media?parent=10094"}],"curies":[{"name":"wp","href":"https:\/\/api.w.org\/{rel}","templated":true}]}}